{"id":3114,"date":"2024-12-03T23:49:00","date_gmt":"2024-12-03T23:49:00","guid":{"rendered":"https:\/\/swapfood.com\/eu\/find-swap\/"},"modified":"2025-02-13T17:28:34","modified_gmt":"2025-02-13T17:28:34","slug":"localizador-de-swap","status":"publish","type":"page","link":"https:\/\/swapfood.com\/eu\/es\/localizador-de-swap\/","title":{"rendered":"Localizador de SWAP"},"content":{"rendered":"\t\t<div data-elementor-type=\"wp-page\" data-elementor-id=\"3114\" class=\"elementor elementor-3114 elementor-354\" data-elementor-post-type=\"page\">\n\t\t\t\t<div class=\"elementor-element elementor-element-1754bc0 e-flex e-con-boxed e-con e-parent\" data-id=\"1754bc0\" data-element_type=\"container\">\n\t\t\t\t\t<div class=\"e-con-inner\">\n\t\t\t\t<div class=\"elementor-element elementor-element-55ad670 elementor-widget elementor-widget-heading\" data-id=\"55ad670\" data-element_type=\"widget\" data-widget_type=\"heading.default\">\n\t\t\t\t<div class=\"elementor-widget-container\">\n\t\t\t\t\t<h2 class=\"elementor-heading-title elementor-size-default\">Buscar SWAP<\/h2>\t\t\t\t<\/div>\n\t\t\t\t<\/div>\n\t\t\t\t<div class=\"elementor-element elementor-element-5da40a3 elementor-widget elementor-widget-text-editor\" data-id=\"5da40a3\" data-element_type=\"widget\" data-widget_type=\"text-editor.default\">\n\t\t\t\t<div class=\"elementor-widget-container\">\n\t\t\t\t\t\t\t\t\t<p>SWAP est\u00e1 disponible en los restaurantes y catering en Francia, Canad\u00e1 y Estados Unidos.<\/p><p>Introduce tu c\u00f3digo postal para encontrar SWAP Filet cerca de ti.<\/p>\t\t\t\t\t\t\t\t<\/div>\n\t\t\t\t<\/div>\n\t\t\t\t\t<\/div>\n\t\t\t\t<\/div>\n\t\t<div class=\"elementor-element elementor-element-90f146f e-flex e-con-boxed e-con e-parent\" data-id=\"90f146f\" data-element_type=\"container\">\n\t\t\t\t\t<div class=\"e-con-inner\">\n\t\t\t\t<div class=\"elementor-element elementor-element-5afcfb4 elementor-widget elementor-widget-agile-store-locator-addon\" data-id=\"5afcfb4\" data-element_type=\"widget\" data-widget_type=\"agile-store-locator-addon.default\">\n\t\t\t\t<div class=\"elementor-widget-container\">\n\t\t\t\t\t<div class=\"elementor-shortcode asl-free-addon\"><style type=\"text\/css\">\n   #asl-storelocator.asl-cont.asl-template-4 .asl-wrapper .asl-top-area  > .pol-lg-12 .Filter_section .search_btn_box .sl-search-btn {margin-bottom: 1.5rem;}\n   .asl-buttons .zoomhere {display: none !important;}.asl-p-cont .asl-print-btn,.asl-cont .asl-print-btn {display: none !important;}<\/style>\n<section id=\"asl-storelocator\" class=\"asl-cont asl-template-4 asl-layout-0 asl-bg-0  sl-category-tabs asl-text-1\">\n        <div class=\"asl-overlay\" id=\"map-loading\">\n        <div class=\"white\"><\/div>\n        <div class=\"sl-loading\">\n          <i class=\"animate-sl-spin icon-spin3\"><\/i>\n          Cargando        <\/div>\n    <\/div>\n     <div class=\"asl-wrapper\">\n         <div class=\"sl-container\">\n            <div class=\"sl-row asl-top-area\">\n               <div class=\"pol-md-6 pol-lg-6\">\n                  <div class=\"Filter_section\">\n                    <div class=\"search_filter\">\n                       <label for=\"auto-complete-search\" class=\"asl-filter-top-title\">Busca la ubicaci\u00f3n m\u00e1s cercana<\/label>\n                       <div class=\"sl-search-group\">\n                          <input type=\"text\" value=\"\" data-submit=\"disable\" id=\"auto-complete-search\" placeholder=\"Ubicaci\u00f3n de b\u00fasqueda\"  class=\"asl-search-address isp_ignore\">\n                          <button aria-label=\"Ubicaci\u00f3n de b\u00fasqueda\" title=\"Ubicaci\u00f3n de b\u00fasqueda\" type=\"button\" class=\"span-geo\"><i class=\"asl-geo icon-direction-outline\" title=\"Current Location\"><\/i><\/button>\n                       <\/div>\n                    <\/div>\n                    <div class=\"asl-advance-filters hide\">\n                       <div class=\"sl-row\">\n                                                                              <div class=\"pol-sm-12  asl-tabs-ddl pol-12 pol-lg-12 pol-md-12 pol-sm-12 asl-ddl-filters asl-ddl-filter-cats\">\n                             <div class=\"asl-filter-cntrl\">\n                                <label class=\"asl-cntrl-lbl\" for=\"asl-categories\">Categor\u00eda<\/label>\n                                <div class=\"sl-dropdown-cont\" id=\"categories_filter\">\n                                <\/div>\n                             <\/div>\n                          <\/div>\n                                                                                                         <div class=\"pol-lg-6 pol-md-12 pol-sm-6 col-12 range_filter hide asl-ddl-filters\">\n                             <div class=\"asl-filter-cntrl rangeFilter\">\n                                <label class=\"asl-cntrl-lbl\">Rango de distancia<\/label>\n                                <input id=\"asl-radius-slide\" type=\"text\" class=\"span2\" \/>\n                                <span class=\"rad-unit\">Radio: <span id=\"asl-radius-input\"><\/span> <span id=\"asl-dist-unit\">Km<\/span><\/span>\n                             <\/div>\n                          <\/div>\n                          <div class=\"pol-lg-6 pol-md-12 pol-sm-6 col-12 Status_filter\">\n                             <div class=\"asl-filter-cntrl\">\n                                <label class=\"asl-cntrl-lbl\">Estado<\/label>\n                                <div class=\"onoffswitch\">\n                                   <input type=\"checkbox\" name=\"onoffswitch\" class=\"onoffswitch-checkbox\" id=\"asl-open-close\" checked>\n                                   <label aria-label=\"Opened Stores\" title=\"Opened Stores\" class=\"onoffswitch-label\" for=\"asl-open-close\">\n                                     <span class=\"onoffswitch-inner\"><\/span>\n                                     <span class=\"onoffswitch-switch\"><\/span>\n                                   <\/label>\n                                <\/div>\n                             <\/div>\n                          <\/div>\n                          \n                       <\/div>\n                    <\/div>\n                    <div class=\"d-md-flex search_btn_box mb-3 mb-md-0\">\n                        <button type=\"button\" title=\"Ubicaci\u00f3n de b\u00fasqueda\" class=\"icon-search sl-search-btn\">Buscar<\/button>\n                        <button type=\"button\" title=\"Establecer el mapa\" class=\"ml-0 ml-md-2 asl-reset-btn\">Establecer el mapa<\/button>\n                    <\/div>\n                  <\/div>\n               <\/div>\n               <div class=\"pol-md-6 pol-lg-6\">\n                  <div class=\"asl-map\">\n                    <div class=\"map-image\">\n                       <div id=\"asl-map-canv\" class=\"asl-map-canv\"><\/div>\n                        <div id=\"agile-modal-direction\" class=\"agile-modal fade\">\n    <div class=\"agile-modal-backdrop-in\"><\/div>\n    <div class=\"agile-modal-dialog in\">\n        <div class=\"agile-modal-content\">\n            <div class=\"sl-form-group d-flex justify-content-between\">\n                <h4 >Como llegar<\/h4>\n                <button type=\"button\" class=\"close-directions sl-close\" data-dismiss=\"agile-modal\" aria-label=\"Close\">&times;<\/button>\n            <\/div>\n            <div class=\"sl-form-group\">\n                <label for=\"frm-lbl\">Desde:<\/label>\n                <input type=\"text\" class=\"form-control frm-place\" id=\"frm-lbl\" placeholder=\"Ingrese una ubicaci\u00f3n\">\n            <\/div>\n            <div class=\"sl-form-group\">\n                <label for=\"to-lbl\">A:<\/label>\n                <input readonly=\"true\" type=\"text\"  class=\"directions-to form-control\" id=\"to-lbl\" placeholder=\"Direcci\u00f3n de destino rellenada previamente\">\n            <\/div>\n            <div class=\"sl-form-group mb-0\">\n                <label for=\"rbtn-km\" class=\"checkbox-inline\">\n                    <input type=\"radio\" name=\"dist-type\"  id=\"rbtn-km\" value=\"0\"> Km                <\/label>\n                <label for=\"rbtn-mile\" class=\"checkbox-inline\">\n                    <input type=\"radio\" name=\"dist-type\" checked id=\"rbtn-mile\" value=\"1\"> Millas                <\/label>\n            <\/div>\n            <div class=\"sl-form-group mb-0\">\n                <button type=\"submit\" class=\"btn btn-default btn-submit\">Como llegar<\/button>\n            <\/div>\n        <\/div>\n    <\/div>\n<\/div>\n\n<div id=\"asl-geolocation-agile-modal\" class=\"agile-modal fade\">\n  <div class=\"agile-modal-backdrop-in\"><\/div>\n  <div class=\"agile-modal-dialog in\">\n    <div class=\"agile-modal-content\">\n            <div class=\"sl-form-group d-flex justify-content-between\">\n        <h5>Usar mi ubicaci\u00f3n para encontrar el proveedor de servicios m\u00e1s cercano cerca de m\u00ed<\/h5>\n        <button type=\"button\" class=\"close-directions sl-close\" data-dismiss=\"agile-modal\" aria-label=\"Close\" aria-hidden=\"true\">&times;<\/button>\n      <\/div>\n      <div class=\"sl-form-group text-center mb-0\">\n        <button type=\"button\" id=\"asl-btn-geolocation\" class=\"btn btn-block btn-default\">Utilice ubicaci\u00f3n<\/button>\n      <\/div>\n          <\/div>\n  <\/div>\n<\/div>\n\n<div id=\"asl-desc-agile-modal\" class=\"agile-modal fade\">\n  <div class=\"agile-modal-backdrop-in\"><\/div>\n  <div class=\"agile-modal-dialog in\">\n    <div class=\"agile-modal-content\">\n      <div class=\"sl-row\">\n        <div class=\"pol-md-12\">\n          <div class=\"sl-form-group d-flex justify-content-between\">\n            <h4 class=\"sl-title\">Description<\/h4>\n            <button type=\"button\" class=\"close-directions sl-close\" data-dismiss=\"agile-modal\" aria-label=\"Close\">&times;<\/button>\n          <\/div>\n          <div class=\"sl-desc\"><\/div>\n        <\/div>\n      <\/div>\n    <\/div>\n  <\/div>\n<\/div>                    <\/div>\n                  <\/div>\n               <\/div>\n            <\/div>\n            <div class=\"sl-row\">\n               <div class=\"pol-12\">\n                  <div class=\"sl-main-cont\">\n                     <div id=\"asl-panel\" class=\"sl-main-row\">\n                        <div id=\"asl-list\" class=\"asl-panel\">\n                           <div class=\"asl-panel-inner\">\n                                <div class=\"Num_of_store pb-3\">\n                                  <span class=\"count-result-text\">Number of locations: <span class=\"count-result\">0<\/span><\/span>\n                                  <a class=\"asl-print-btn\"><i class=\"icon-print\"><\/i> PRINT<\/a>\n                                <\/div>\n                              <div class=\"sl-main-cont-box\">\n                                 <div class=\"sl-list-wrapper\">\n                                    <ul id=\"p-statelist\" class=\"sl-list sl-row panel-inner\">\n                                    <\/ul>\n                                 <\/div>\n                              <\/div>\n                           <\/div>\n                           <div class=\"directions-cont hide\">\n                              <div class=\"agile-modal-header\">\n                                 <button type=\"button\" class=\"close\"><span aria-hidden=\"true\">\u00d7<\/span><\/button>\n                                 <h4>Direcci\u00f3n de la tienda<\/h4>\n                              <\/div>\n                              <div class=\"rendered-directions\" id=\"asl-rendered-dir\" style=\"direction: ltr;\"><\/div>\n                           <\/div>\n                        <\/div>\n                     <\/div>\n                  <\/div>\n               <\/div>\n            <\/div>\n         <\/div>\n      <\/div>\n<\/section>\n<!-- This plugin is developed by \"Agile Store Locator for WordPress\" https:\/\/agilestorelocator.com --><\/div>\t\t\t\t<\/div>\n\t\t\t\t<\/div>\n\t\t\t\t\t<\/div>\n\t\t\t\t<\/div>\n\t\t\t\t<\/div>\n\t\t","protected":false},"excerpt":{"rendered":"<p>Buscar SWAP SWAP est\u00e1 disponible en los restaurantes y catering en Francia, Canad\u00e1 y Estados Unidos. Introduce tu c\u00f3digo postal [&hellip;]<\/p>\n","protected":false},"author":1,"featured_media":0,"parent":0,"menu_order":0,"comment_status":"closed","ping_status":"closed","template":"","meta":{"_acf_changed":false,"site-sidebar-layout":"no-sidebar","site-content-layout":"","ast-site-content-layout":"full-width-container","site-content-style":"default","site-sidebar-style":"default","ast-global-header-display":"","ast-banner-title-visibility":"","ast-main-header-display":"","ast-hfb-above-header-display":"","ast-hfb-below-header-display":"","ast-hfb-mobile-header-display":"","site-post-title":"disabled","ast-breadcrumbs-content":"","ast-featured-img":"disabled","footer-sml-layout":"","ast-disable-related-posts":"","theme-transparent-header-meta":"","adv-header-id-meta":"","stick-header-meta":"","header-above-stick-meta":"","header-main-stick-meta":"","header-below-stick-meta":"","astra-migrate-meta-layouts":"set","ast-page-background-enabled":"default","ast-page-background-meta":{"desktop":{"background-color":"var(--ast-global-color-4)","background-image":"","background-repeat":"repeat","background-position":"center center","background-size":"auto","background-attachment":"scroll","background-type":"","background-media":"","overlay-type":"","overlay-color":"","overlay-opacity":"","overlay-gradient":""},"tablet":{"background-color":"","background-image":"","background-repeat":"repeat","background-position":"center center","background-size":"auto","background-attachment":"scroll","background-type":"","background-media":"","overlay-type":"","overlay-color":"","overlay-opacity":"","overlay-gradient":""},"mobile":{"background-color":"","background-image":"","background-repeat":"repeat","background-position":"center center","background-size":"auto","background-attachment":"scroll","background-type":"","background-media":"","overlay-type":"","overlay-color":"","overlay-opacity":"","overlay-gradient":""}},"ast-content-background-meta":{"desktop":{"background-color":"var(--ast-global-color-5)","background-image":"","background-repeat":"repeat","background-position":"center center","background-size":"auto","background-attachment":"scroll","background-type":"","background-media":"","overlay-type":"","overlay-color":"","overlay-opacity":"","overlay-gradient":""},"tablet":{"background-color":"var(--ast-global-color-5)","background-image":"","background-repeat":"repeat","background-position":"center center","background-size":"auto","background-attachment":"scroll","background-type":"","background-media":"","overlay-type":"","overlay-color":"","overlay-opacity":"","overlay-gradient":""},"mobile":{"background-color":"var(--ast-global-color-5)","background-image":"","background-repeat":"repeat","background-position":"center center","background-size":"auto","background-attachment":"scroll","background-type":"","background-media":"","overlay-type":"","overlay-color":"","overlay-opacity":"","overlay-gradient":""}},"footnotes":""},"class_list":["post-3114","page","type-page","status-publish","hentry"],"acf":[],"_links":{"self":[{"href":"https:\/\/swapfood.com\/eu\/es\/wp-json\/wp\/v2\/pages\/3114","targetHints":{"allow":["GET"]}}],"collection":[{"href":"https:\/\/swapfood.com\/eu\/es\/wp-json\/wp\/v2\/pages"}],"about":[{"href":"https:\/\/swapfood.com\/eu\/es\/wp-json\/wp\/v2\/types\/page"}],"author":[{"embeddable":true,"href":"https:\/\/swapfood.com\/eu\/es\/wp-json\/wp\/v2\/users\/1"}],"replies":[{"embeddable":true,"href":"https:\/\/swapfood.com\/eu\/es\/wp-json\/wp\/v2\/comments?post=3114"}],"version-history":[{"count":20,"href":"https:\/\/swapfood.com\/eu\/es\/wp-json\/wp\/v2\/pages\/3114\/revisions"}],"predecessor-version":[{"id":5897,"href":"https:\/\/swapfood.com\/eu\/es\/wp-json\/wp\/v2\/pages\/3114\/revisions\/5897"}],"wp:attachment":[{"href":"https:\/\/swapfood.com\/eu\/es\/wp-json\/wp\/v2\/media?parent=3114"}],"curies":[{"name":"wp","href":"https:\/\/api.w.org\/{rel}","templated":true}]}}